{"id":363,"date":"2022-05-11T18:50:37","date_gmt":"2022-05-11T18:50:37","guid":{"rendered":"https:\/\/educavialzapopan.com\/?page_id=363"},"modified":"2024-04-15T17:13:18","modified_gmt":"2024-04-15T17:13:18","slug":"reglamento","status":"publish","type":"page","link":"https:\/\/educavial.zapopan.gob.mx\/index.php\/reglamento\/","title":{"rendered":"Reglamento"},"content":{"rendered":"\n<p><\/p>\n\n\n\n<ol class=\"wp-block-list\">\n<li>Tendremos 10 minutos de tolerancia al iniciar la video conferencia. Quien no entre en ese periodo de tiempo no contar\u00e1 con asistencia y perder\u00e1 el derecho al descuento.<\/li>\n\n\n\n<li>Cada quien deber\u00e1 proveer todo lo necesario para asistir a la sesi\u00f3n: conexi\u00f3n a internet, aplicaci\u00f3n Zoom actualizada, espacio f\u00edsico adecuado y todo lo necesario para tener una conexi\u00f3n estable y un lugar adecuado.<\/li>\n\n\n\n<li>Una vez dentro de la sesi\u00f3n deber\u00e1 mantener activa su c\u00e1mara en todo momento.<\/li>\n\n\n\n<li>Deber\u00e1 acatar de forma puntual las indicaciones del personal de la Direcci\u00f3n de Movilidad y Transporte de Zapopan as\u00ed como de los expositores del curso.<\/li>\n\n\n\n<li>Al inicio de la sesi\u00f3n, en el momento que se lo indique el personal de EducaVial, deber\u00e1 mostrar su identificaci\u00f3n oficial de forma clara ante su c\u00e1mara para registrar el pase de lista.<\/li>\n\n\n\n<li>Solo podr\u00e1 tomar el curso la persona registrada previamente en el mismo. Si la persona registrada es sustituida, se negar\u00e1 el registro de asistencia y con esto se pierde el derecho al descuento.<\/li>\n\n\n\n<li>Solo se dar\u00e1 un acuerdo de descuento por asistente, aunque la persona sea propietaria de varios veh\u00edculos.<\/li>\n\n\n\n<li>Si alguien debe abandonar la sesi\u00f3n por la raz\u00f3n que sea (emergencias personales, fallas de luz o internet), o si es expulsada del curso por incumplimiento del reglamento, autom\u00e1ticamente se perder\u00e1 el derecho al descuento y para acceder a \u00e9l deber\u00e1 reagendar una nueva fecha en el portal de registro.<\/li>\n\n\n\n<li>Para acceder al descuento es necesario responder en tiempo y forma todos los cuestionarios y evaluaciones del curso.<\/li>\n\n\n\n<li>Quien reciba tres llamadas de atenci\u00f3n durante la videoconferencia, o incumpla cualquiera de los puntos de este reglamento, perder\u00e1 el derecho al descuento.<\/li>\n<\/ol>\n\n\n<div class=\"gb-button-wrapper gb-button-wrapper-1fd04afd\">\n\n<a class=\"gb-button gb-button-a8ff7790\" href=\"https:\/\/educavial.zapopan.gob.mx\/\"><span class=\"gb-icon\"><svg aria-hidden=\"true\" role=\"img\" height=\"1em\" width=\"1em\" viewBox=\"0 0 256 512\" xmlns=\"http:\/\/www.w3.org\/2000\/svg\"><path fill=\"currentColor\" d=\"M31.7 239l136-136c9.4-9.4 24.6-9.4 33.9 0l22.6 22.6c9.4 9.4 9.4 24.6 0 33.9L127.9 256l96.4 96.4c9.4 9.4 9.4 24.6 0 33.9L201.7 409c-9.4 9.4-24.6 9.4-33.9 0l-136-136c-9.5-9.4-9.5-24.6-.1-34z\"><\/path><\/svg><\/span><span class=\"gb-button-text\"><strong>Volver a Inicio<\/strong><\/span><\/a>\n\n<\/div>","protected":false},"excerpt":{"rendered":"","protected":false},"author":2,"featured_media":0,"parent":0,"menu_order":0,"comment_status":"closed","ping_status":"closed","template":"","meta":{"_acf_changed":false,"footnotes":""},"class_list":["post-363","page","type-page","status-publish"],"acf":[],"_links":{"self":[{"href":"https:\/\/educavial.zapopan.gob.mx\/index.php\/wp-json\/wp\/v2\/pages\/363","targetHints":{"allow":["GET"]}}],"collection":[{"href":"https:\/\/educavial.zapopan.gob.mx\/index.php\/wp-json\/wp\/v2\/pages"}],"about":[{"href":"https:\/\/educavial.zapopan.gob.mx\/index.php\/wp-json\/wp\/v2\/types\/page"}],"author":[{"embeddable":true,"href":"https:\/\/educavial.zapopan.gob.mx\/index.php\/wp-json\/wp\/v2\/users\/2"}],"replies":[{"embeddable":true,"href":"https:\/\/educavial.zapopan.gob.mx\/index.php\/wp-json\/wp\/v2\/comments?post=363"}],"version-history":[{"count":1,"href":"https:\/\/educavial.zapopan.gob.mx\/index.php\/wp-json\/wp\/v2\/pages\/363\/revisions"}],"predecessor-version":[{"id":1988,"href":"https:\/\/educavial.zapopan.gob.mx\/index.php\/wp-json\/wp\/v2\/pages\/363\/revisions\/1988"}],"wp:attachment":[{"href":"https:\/\/educavial.zapopan.gob.mx\/index.php\/wp-json\/wp\/v2\/media?parent=363"}],"curies":[{"name":"wp","href":"https:\/\/api.w.org\/{rel}","templated":true}]}}