{"id":244,"date":"2022-05-07T05:13:05","date_gmt":"2022-05-07T05:13:05","guid":{"rendered":"https:\/\/educavialzapopan.com\/?page_id=244"},"modified":"2024-04-15T17:11:07","modified_gmt":"2024-04-15T17:11:07","slug":"perfil","status":"publish","type":"page","link":"https:\/\/educavial.zapopan.gob.mx\/index.php\/perfil\/","title":{"rendered":"Mi Perfil"},"content":{"rendered":"\n<h2 class=\"wp-block-heading has-contrast-color has-text-color\"><strong>Informaci\u00f3n Personal<\/strong><\/h2>\n\n\n\n<p><strong>NOMBRE:<\/strong> [nombre]<\/p>\n\n\n\n<p><strong>CURP:<\/strong> [curp]<\/p>\n\n\n\n<p><strong>CORREO:<\/strong> [email]<\/p>\n\n\n\n<p><strong>NUMERAL DE INFRACCI\u00d3N:<\/strong> [numeral_infraccion]<\/p>\n\n\n\n<div style=\"height:40px\" aria-hidden=\"true\" class=\"wp-block-spacer\"><\/div>\n\n\n\n<h2 class=\"wp-block-heading has-contrast-color has-text-color\"><strong>Datos de la Sesi\u00f3n de ZOOM<\/strong> <\/h2>\n\n\n\n<figure class=\"wp-block-table\"><table><thead><tr><th class=\"has-text-align-center\" data-align=\"center\">Fecha y Hora de la Sesi\u00f3n<\/th><th class=\"has-text-align-center\" data-align=\"center\"><strong>Link de ZOOM<\/strong><\/th><th class=\"has-text-align-center\" data-align=\"center\"><strong>Clave para ZOOM<\/strong><\/th><\/tr><\/thead><tbody><tr><td class=\"has-text-align-center\" data-align=\"center\">[fecha_sesion]<\/td><td class=\"has-text-align-center\" data-align=\"center\">[link_zoom]<\/td><td class=\"has-text-align-center\" data-align=\"center\">[clave_zoom]<\/td><\/tr><\/tbody><\/table><\/figure>\n\n\n\n<div style=\"height:40px\" aria-hidden=\"true\" class=\"wp-block-spacer\"><\/div>\n\n\n\n<h2 class=\"wp-block-heading has-contrast-color has-text-color\"><strong>Informaci\u00f3n Adicional<\/strong><\/h2>\n\n\n\n<p><strong><a href=\"https:\/\/educavial.zapopan.gob.mx\/index.php\/guia-de-recomendaciones\/\">Gu\u00eda de recomendaciones<\/a><\/strong><\/p>\n\n\n\n<p><strong><a href=\"https:\/\/educavial.zapopan.gob.mx\/index.php\/reglamento\/\" data-type=\"page\" data-id=\"363\">Reglamento<\/a><\/strong><\/p>\n\n\n\n<p><strong><a href=\"https:\/\/educavial.zapopan.gob.mx\/index.php\/politicas-de-privacidad\/\" data-type=\"page\" data-id=\"217\">Pol\u00edticas de Privacidad<\/a><\/strong><\/p>\n\n\n\n<p><\/p>\n\n\n\n<div style=\"height:60px\" aria-hidden=\"true\" class=\"wp-block-spacer\"><\/div>\n\n\n<div class=\"gb-button-wrapper gb-button-wrapper-1fd04afd\">\n\n<a class=\"gb-button gb-button-a8ff7790 gb-button-text\" href=\"https:\/\/educavial.zapopan.gob.mx\/\"><strong>Cerrar Sesi\u00f3n<\/strong><\/a>\n\n<\/div>","protected":false},"excerpt":{"rendered":"<p>Informaci\u00f3n Personal NOMBRE: [nombre] CURP: [curp] CORREO: [email] NUMERAL DE INFRACCI\u00d3N: [numeral_infraccion] Datos de la Sesi\u00f3n de ZOOM Fecha y Hora de la Sesi\u00f3n Link de ZOOM Clave para ZOOM [fecha_sesion] [link_zoom] [clave_zoom] Informaci\u00f3n Adicional Gu\u00eda de recomendaciones Reglamento Pol\u00edticas de Privacidad<\/p>\n","protected":false},"author":2,"featured_media":0,"parent":0,"menu_order":0,"comment_status":"closed","ping_status":"closed","template":"","meta":{"_acf_changed":false,"footnotes":""},"class_list":["post-244","page","type-page","status-publish"],"acf":[],"_links":{"self":[{"href":"https:\/\/educavial.zapopan.gob.mx\/index.php\/wp-json\/wp\/v2\/pages\/244","targetHints":{"allow":["GET"]}}],"collection":[{"href":"https:\/\/educavial.zapopan.gob.mx\/index.php\/wp-json\/wp\/v2\/pages"}],"about":[{"href":"https:\/\/educavial.zapopan.gob.mx\/index.php\/wp-json\/wp\/v2\/types\/page"}],"author":[{"embeddable":true,"href":"https:\/\/educavial.zapopan.gob.mx\/index.php\/wp-json\/wp\/v2\/users\/2"}],"replies":[{"embeddable":true,"href":"https:\/\/educavial.zapopan.gob.mx\/index.php\/wp-json\/wp\/v2\/comments?post=244"}],"version-history":[{"count":2,"href":"https:\/\/educavial.zapopan.gob.mx\/index.php\/wp-json\/wp\/v2\/pages\/244\/revisions"}],"predecessor-version":[{"id":1985,"href":"https:\/\/educavial.zapopan.gob.mx\/index.php\/wp-json\/wp\/v2\/pages\/244\/revisions\/1985"}],"wp:attachment":[{"href":"https:\/\/educavial.zapopan.gob.mx\/index.php\/wp-json\/wp\/v2\/media?parent=244"}],"curies":[{"name":"wp","href":"https:\/\/api.w.org\/{rel}","templated":true}]}}