{"id":217,"date":"2022-05-07T03:09:59","date_gmt":"2022-05-07T03:09:59","guid":{"rendered":"https:\/\/educavialzapopan.com\/?page_id=217"},"modified":"2024-04-15T17:12:12","modified_gmt":"2024-04-15T17:12:12","slug":"politicas-de-privacidad","status":"publish","type":"page","link":"https:\/\/educavial.zapopan.gob.mx\/index.php\/politicas-de-privacidad\/","title":{"rendered":"Pol\u00edticas de Privacidad"},"content":{"rendered":"\n<div style=\"height:28px\" aria-hidden=\"true\" class=\"wp-block-spacer\"><\/div>\n\n\n\n<p>El H. Ayuntamiento Constitucional de Zapopan, a trav\u00e9s de su Direcci\u00f3n de Movilidad y Transporte, es el responsable del uso y protecci\u00f3n de sus datos personales, y al respecto le informamos lo siguiente:<\/p>\n\n\n\n<p><strong>\u00bfPara qu\u00e9 fines utilizaremos sus datos personales? <\/strong><\/p>\n\n\n\n<p>Tus datos son con el fin de registrarte como participante del Curso Educavial en su modalidad virtual, vincular tus datos con la base de datos de infractores del programa \u201cBanquetas Libres\u201d, generar el formato de descuento y todos los relevantes para la generaci\u00f3n y uso de la plataforma y dem\u00e1s establecidos en el programa.<\/p>\n\n\n\n<p><strong>\u00bfQu\u00e9 datos personales utilizaremos para estos fines? <\/strong><\/p>\n\n\n\n<p>Para llevar a cabo las finalidades descritas en el presente aviso de privacidad, utilizaremos los siguientes datos personales: Nombre, Correo electr\u00f3nico, CURP, Placa, Numeral de la infracci\u00f3n, Folio de la infracci\u00f3n, Fotograf\u00eda legible de la licencia de manejo vigente.<\/p>\n\n\n\n<p><strong>\u00bfC\u00f3mo puede acceder, rectificar o cancelar sus datos personales, u oponerse a su uso? <\/strong><\/p>\n\n\n\n<p>Usted tiene derecho a conocer qu\u00e9 datos personales tenemos de usted, para qu\u00e9 los utilizamos y las condiciones del uso que les damos (Acceso). Asimismo, es su derecho solicitar la correcci\u00f3n de su informaci\u00f3n personal en caso de que est\u00e9 desactualizada, sea inexacta o incompleta (Rectificaci\u00f3n); que la eliminemos de nuestros registros o bases de datos cuando considere que la misma no est\u00e1 siendo utilizada adecuadamente (Cancelaci\u00f3n); as\u00ed como oponerse al uso de sus datos personales para fines espec\u00edficos (Oposici\u00f3n). Estos derechos se conocen como derechos ARCO. Para el ejercicio de cualquiera de los derechos ARCO, usted deber\u00e1 presentar la solicitud respectiva a trav\u00e9s del siguiente medio: culturavial@zapopan.gob.mx<\/p>\n\n\n\n<p><strong>Con relaci\u00f3n al procedimiento y requisitos para el ejercicio de sus derechos ARCO, le informamos lo siguiente:<\/strong><\/p>\n\n\n\n<p>a) \u00bfA trav\u00e9s de qu\u00e9 medios pueden acreditar su identidad el titular y, en su caso, su representante, as\u00ed como la personalidad este \u00faltimo a culturavial@zapopan.gob.mx <\/p>\n\n\n\n<p>b) \u00bfQu\u00e9 informaci\u00f3n y\/o documentaci\u00f3n deber\u00e1 contener la solicitud? Asunto: Datos personales <\/p>\n\n\n\n<p>c) \u00bfEn cu\u00e1ntos d\u00edas le daremos respuesta a su solicitud? 15 d\u00edas h\u00e1biles <\/p>\n\n\n\n<p>d) \u00bfPor qu\u00e9 medio le comunicaremos la respuesta a su solicitud? correo electr\u00f3nico.<\/p>\n\n\n\n<p><strong>\u00bfC\u00f3mo puede conocer los cambios en este aviso de privacidad? <\/strong><\/p>\n\n\n\n<p>El presente aviso de privacidad puede sufrir modificaciones, cambios o actualizaciones derivadas de nuevos requerimientos legales; de nuestras propias necesidades por los productos o servicios que ofrecemos; de nuestras pr\u00e1cticas de privacidad, por otras causas.Nos comprometemos a mantenerlo informado sobre los cambios que pueda sufrir el presente aviso de privacidad, a trav\u00e9s de: correo electr\u00f3nico. El procedimiento a trav\u00e9s del cual se llevar\u00e1n a cabo las notificaciones sobre cambios o actualizaciones al presente aviso de privacidad es el siguiente: Aviso en la p\u00e1gina web y redes sociales oficiales.<\/p>\n\n\n<div class=\"gb-button-wrapper gb-button-wrapper-1fd04afd\">\n\n<a class=\"gb-button gb-button-a8ff7790\" href=\"https:\/\/educavial.zapopan.gob.mx\/\"><span class=\"gb-icon\"><svg aria-hidden=\"true\" role=\"img\" height=\"1em\" width=\"1em\" viewBox=\"0 0 256 512\" xmlns=\"http:\/\/www.w3.org\/2000\/svg\"><path fill=\"currentColor\" d=\"M31.7 239l136-136c9.4-9.4 24.6-9.4 33.9 0l22.6 22.6c9.4 9.4 9.4 24.6 0 33.9L127.9 256l96.4 96.4c9.4 9.4 9.4 24.6 0 33.9L201.7 409c-9.4 9.4-24.6 9.4-33.9 0l-136-136c-9.5-9.4-9.5-24.6-.1-34z\"><\/path><\/svg><\/span><span class=\"gb-button-text\"><strong>Volver a Inicio<\/strong><\/span><\/a>\n\n<\/div>","protected":false},"excerpt":{"rendered":"<p>El H. Ayuntamiento Constitucional de Zapopan, a trav\u00e9s de su Direcci\u00f3n de Movilidad y Transporte, es el responsable del uso y protecci\u00f3n de sus datos personales, y al respecto le informamos lo siguiente: \u00bfPara qu\u00e9 fines utilizaremos sus datos personales? Tus datos son con el fin de registrarte como participante del Curso Educavial en su &#8230; <a title=\"Pol\u00edticas de Privacidad\" class=\"read-more\" href=\"https:\/\/educavial.zapopan.gob.mx\/index.php\/politicas-de-privacidad\/\" aria-label=\"M\u00e1s en Pol\u00edticas de Privacidad\">Leer m\u00e1s<\/a><\/p>\n","protected":false},"author":2,"featured_media":0,"parent":0,"menu_order":0,"comment_status":"closed","ping_status":"closed","template":"","meta":{"_acf_changed":false,"footnotes":""},"class_list":["post-217","page","type-page","status-publish"],"acf":[],"_links":{"self":[{"href":"https:\/\/educavial.zapopan.gob.mx\/index.php\/wp-json\/wp\/v2\/pages\/217","targetHints":{"allow":["GET"]}}],"collection":[{"href":"https:\/\/educavial.zapopan.gob.mx\/index.php\/wp-json\/wp\/v2\/pages"}],"about":[{"href":"https:\/\/educavial.zapopan.gob.mx\/index.php\/wp-json\/wp\/v2\/types\/page"}],"author":[{"embeddable":true,"href":"https:\/\/educavial.zapopan.gob.mx\/index.php\/wp-json\/wp\/v2\/users\/2"}],"replies":[{"embeddable":true,"href":"https:\/\/educavial.zapopan.gob.mx\/index.php\/wp-json\/wp\/v2\/comments?post=217"}],"version-history":[{"count":1,"href":"https:\/\/educavial.zapopan.gob.mx\/index.php\/wp-json\/wp\/v2\/pages\/217\/revisions"}],"predecessor-version":[{"id":1986,"href":"https:\/\/educavial.zapopan.gob.mx\/index.php\/wp-json\/wp\/v2\/pages\/217\/revisions\/1986"}],"wp:attachment":[{"href":"https:\/\/educavial.zapopan.gob.mx\/index.php\/wp-json\/wp\/v2\/media?parent=217"}],"curies":[{"name":"wp","href":"https:\/\/api.w.org\/{rel}","templated":true}]}}